{"id":77,"date":"2024-01-09T11:39:54","date_gmt":"2024-01-09T11:39:54","guid":{"rendered":"http:\/\/192-168-1-31.lolekinbolek.direct.quickconnect.to\/wordpress\/?page_id=77"},"modified":"2024-01-09T12:16:09","modified_gmt":"2024-01-09T12:16:09","slug":"home","status":"publish","type":"page","link":"https:\/\/www.druga-brzina.si\/","title":{"rendered":"Domov"},"content":{"rendered":"\n<p>Pozdravljeni na spletni strani podjetja Druga Brzina, d.o.o. Na tej strani lahko najdete osnovne informacije o na\u0161ih storitvah. Za ve\u010d informacij nas lahko kontaktirate preko kontaktnega obrazca ali elektronske po\u0161te.<\/p>\n","protected":false},"excerpt":{"rendered":"<p>Pozdravljeni na spletni strani podjetja Druga Brzina, d.o.o. Na tej strani lahko najdete osnovne informacije o na\u0161ih storitvah. Za ve\u010d informacij nas lahko kontaktirate preko kontaktnega obrazca ali elektronske po\u0161te.<\/p>\n","protected":false},"author":1,"featured_media":0,"parent":0,"menu_order":0,"comment_status":"closed","ping_status":"closed","template":"","meta":{"_monsterinsights_skip_tracking":false,"_monsterinsights_sitenote_active":false,"_monsterinsights_sitenote_note":"","_monsterinsights_sitenote_category":0,"footnotes":""},"class_list":["post-77","page","type-page","status-publish","hentry"],"_links":{"self":[{"href":"https:\/\/www.druga-brzina.si\/index.php\/wp-json\/wp\/v2\/pages\/77","targetHints":{"allow":["GET"]}}],"collection":[{"href":"https:\/\/www.druga-brzina.si\/index.php\/wp-json\/wp\/v2\/pages"}],"about":[{"href":"https:\/\/www.druga-brzina.si\/index.php\/wp-json\/wp\/v2\/types\/page"}],"author":[{"embeddable":true,"href":"https:\/\/www.druga-brzina.si\/index.php\/wp-json\/wp\/v2\/users\/1"}],"replies":[{"embeddable":true,"href":"https:\/\/www.druga-brzina.si\/index.php\/wp-json\/wp\/v2\/comments?post=77"}],"version-history":[{"count":2,"href":"https:\/\/www.druga-brzina.si\/index.php\/wp-json\/wp\/v2\/pages\/77\/revisions"}],"predecessor-version":[{"id":94,"href":"https:\/\/www.druga-brzina.si\/index.php\/wp-json\/wp\/v2\/pages\/77\/revisions\/94"}],"wp:attachment":[{"href":"https:\/\/www.druga-brzina.si\/index.php\/wp-json\/wp\/v2\/media?parent=77"}],"curies":[{"name":"wp","href":"https:\/\/api.w.org\/{rel}","templated":true}]}}