{"id":130,"date":"2024-08-27T19:09:47","date_gmt":"2024-08-27T19:09:47","guid":{"rendered":"https:\/\/www.druga-brzina.si\/?page_id=130"},"modified":"2024-08-27T19:10:53","modified_gmt":"2024-08-27T19:10:53","slug":"kontakt","status":"publish","type":"page","link":"https:\/\/www.druga-brzina.si\/index.php\/kontakt\/","title":{"rendered":"Kontakt"},"content":{"rendered":"\n<p>Za vsa vpra\u0161anja nas prosim kontaktirajte preko elektronske po\u0161te info@druga-brzina.si. Odgovorili vam bomo v najkraj\u0161em \u010dasu. <\/p>\n","protected":false},"excerpt":{"rendered":"<p>Za vsa vpra\u0161anja nas prosim kontaktirajte preko elektronske po\u0161te info@druga-brzina.si. Odgovorili vam bomo v najkraj\u0161em \u010dasu.<\/p>\n","protected":false},"author":1,"featured_media":0,"parent":0,"menu_order":0,"comment_status":"closed","ping_status":"closed","template":"","meta":{"_monsterinsights_skip_tracking":false,"_monsterinsights_sitenote_active":false,"_monsterinsights_sitenote_note":"","_monsterinsights_sitenote_category":0,"footnotes":""},"class_list":["post-130","page","type-page","status-publish","hentry"],"_links":{"self":[{"href":"https:\/\/www.druga-brzina.si\/index.php\/wp-json\/wp\/v2\/pages\/130","targetHints":{"allow":["GET"]}}],"collection":[{"href":"https:\/\/www.druga-brzina.si\/index.php\/wp-json\/wp\/v2\/pages"}],"about":[{"href":"https:\/\/www.druga-brzina.si\/index.php\/wp-json\/wp\/v2\/types\/page"}],"author":[{"embeddable":true,"href":"https:\/\/www.druga-brzina.si\/index.php\/wp-json\/wp\/v2\/users\/1"}],"replies":[{"embeddable":true,"href":"https:\/\/www.druga-brzina.si\/index.php\/wp-json\/wp\/v2\/comments?post=130"}],"version-history":[{"count":3,"href":"https:\/\/www.druga-brzina.si\/index.php\/wp-json\/wp\/v2\/pages\/130\/revisions"}],"predecessor-version":[{"id":137,"href":"https:\/\/www.druga-brzina.si\/index.php\/wp-json\/wp\/v2\/pages\/130\/revisions\/137"}],"wp:attachment":[{"href":"https:\/\/www.druga-brzina.si\/index.php\/wp-json\/wp\/v2\/media?parent=130"}],"curies":[{"name":"wp","href":"https:\/\/api.w.org\/{rel}","templated":true}]}}